{"id":693,"date":"2010-07-23T21:26:28","date_gmt":"2010-07-23T19:26:28","guid":{"rendered":"http:\/\/www.kunsthof-usedom.de\/?page_id=693"},"modified":"2010-08-23T16:17:25","modified_gmt":"2010-08-23T14:17:25","slug":"impressum-und-kontakt","status":"publish","type":"page","link":"https:\/\/www.kunsthof-usedom.de\/?page_id=693","title":{"rendered":"Impressum und Kontakt"},"content":{"rendered":"<p>Wenn Sie einen Besuch in der Galerie kurzfristig vereinbaren wollen, rufen Sie an: 038376-29197 oder Mobil: 0176 254 290 34<\/p>\n<p>Wenn Sie Fragen haben, bitte senden Sie eine Mail an: <span style=\"color: #0000ff;\">oesker@kunsthof-usedom.de<\/span><\/p>\n<p><img loading=\"lazy\" decoding=\"async\" class=\"aligncenter size-full wp-image-6\" title=\"roland-oesker4\" src=\"http:\/\/www.werkpaedagogik.de\/wp-content\/uploads\/2009\/05\/roland-oesker4.jpg\" alt=\"roland-oesker4\" width=\"145\" height=\"169\" \/>Roland Oesker<br \/>\nDozent f\u00fcr Bildende Kunst und Werkp\u00e4dagogik an der<br \/>\n<a href=\"http:\/\/www.akademieremscheid.de\/\" target=\"_top\">Akademie Remscheid<\/a><br \/>\nK\u00fcppelstein 34<br \/>\n42857 Remscheid<br \/>\nE-Mail: <a href=\"mailto:oesker@trommelbauer.de\">oesker@akademieremscheid.de<\/a><br \/>\nTel.: 02191\/794-262<\/p>\n<p>Haftungshinweis<br \/>\nTrotz sorgf\u00e4ltiger inhaltlicher Kontrolle \u00fcbernehme ich keine Haftung f\u00fcr die Inhalte externer Links. F\u00fcr den Inhalt der verlinkten Seiten sind ausschlie\u00dflich deren Betreiber verantwortlich.<br \/>\nCopyright<br \/>\nAlle Inhalte und einzelnen Bestandteilen von  www.kunsthof-usedom.de sind sowohl als Ganzes als auch in Teilen urheberrechtlich gesch\u00fctzt. Das Urheberrecht liegt grunds\u00e4tzlich bei Roland Oesker. Jede Verwertung in anderen als den gesetzlich zugelassenen F\u00e4llen bedarf meiner vorherigen schriftlichen Einwilligung.<\/p>\n","protected":false},"excerpt":{"rendered":"<p>Wenn Sie einen Besuch in der Galerie kurzfristig vereinbaren wollen, rufen Sie an: 038376-29197 oder Mobil: 0176 254 290 34 Wenn Sie Fragen haben, bitte senden Sie eine Mail an: oesker@kunsthof-usedom.de Roland Oesker Dozent f\u00fcr Bildende Kunst und Werkp\u00e4dagogik an der Akademie Remscheid K\u00fcppelstein 34 42857 Remscheid E-Mail: oesker@akademieremscheid.de Tel.: 02191\/794-262 Haftungshinweis Trotz sorgf\u00e4ltiger inhaltlicher &hellip; <a href=\"https:\/\/www.kunsthof-usedom.de\/?page_id=693\" class=\"more-link\"><span class=\"screen-reader-text\">Impressum und Kontakt<\/span> weiterlesen<\/a><\/p>\n","protected":false},"author":2,"featured_media":0,"parent":0,"menu_order":0,"comment_status":"closed","ping_status":"closed","template":"","meta":{"footnotes":""},"class_list":["post-693","page","type-page","status-publish","hentry"],"_links":{"self":[{"href":"https:\/\/www.kunsthof-usedom.de\/index.php?rest_route=\/wp\/v2\/pages\/693","targetHints":{"allow":["GET"]}}],"collection":[{"href":"https:\/\/www.kunsthof-usedom.de\/index.php?rest_route=\/wp\/v2\/pages"}],"about":[{"href":"https:\/\/www.kunsthof-usedom.de\/index.php?rest_route=\/wp\/v2\/types\/page"}],"author":[{"embeddable":true,"href":"https:\/\/www.kunsthof-usedom.de\/index.php?rest_route=\/wp\/v2\/users\/2"}],"replies":[{"embeddable":true,"href":"https:\/\/www.kunsthof-usedom.de\/index.php?rest_route=%2Fwp%2Fv2%2Fcomments&post=693"}],"version-history":[{"count":8,"href":"https:\/\/www.kunsthof-usedom.de\/index.php?rest_route=\/wp\/v2\/pages\/693\/revisions"}],"predecessor-version":[{"id":745,"href":"https:\/\/www.kunsthof-usedom.de\/index.php?rest_route=\/wp\/v2\/pages\/693\/revisions\/745"}],"wp:attachment":[{"href":"https:\/\/www.kunsthof-usedom.de\/index.php?rest_route=%2Fwp%2Fv2%2Fmedia&parent=693"}],"curies":[{"name":"wp","href":"https:\/\/api.w.org\/{rel}","templated":true}]}}