{"id":554,"date":"2010-02-24T19:29:39","date_gmt":"2010-02-24T17:29:39","guid":{"rendered":"http:\/\/www.kunsthof-usedom.de\/?page_id=554"},"modified":"2011-04-08T21:38:50","modified_gmt":"2011-04-08T19:38:50","slug":"portraits-im-speisewagen","status":"publish","type":"page","link":"https:\/\/www.kunsthof-usedom.de\/?page_id=554","title":{"rendered":"Portraits im Speisewagen"},"content":{"rendered":"<p>Schon auf dem Bahnsteig war mir sein eleganter breitkrempiger Hut aufgefallen, weil er gut sein markantes Profil verst\u00e4rkte. Dann musste ich mich um die richtige Bahnsteigposition k\u00fcmmern um in dem Gedr\u00e4nge auch rechtzeitig in den Speisewagen zu kommen. Sonst sind alle Pl\u00e4tze weg. Er hatte einen \u00e4lteren Herrn als Gespr\u00e4chspartner und setzten sich an den Zweiertisch, an die mir gegen\u00fcberliegende Fensterseite. Beide<a href=\"https:\/\/www.kunsthof-usedom.de\/wp-content\/uploads\/2010\/02\/Thomas-Scheler.jpg\"><img loading=\"lazy\" decoding=\"async\" class=\"alignright size-thumbnail wp-image-859\" title=\"Thomas Scheler\" src=\"https:\/\/www.kunsthof-usedom.de\/wp-content\/uploads\/2010\/02\/Thomas-Scheler-150x150.jpg\" alt=\"\" width=\"90\" height=\"90\" \/><\/a> unterhielten sich sehr lebhaft. Es ging um die B\u00fchne, um Schauspiel und Gesang. Opernfans, dachte ich und meine Aufmerksamkeit wurde von der Gestik und der Redeweise des j\u00fcngeren angezogen, weil sie wie vorher der Hut, sehr gut zu seinem Profil passte.<strong> <\/strong>Nach einer Weile der Betrachtung der Szene verarbeitete ich einige Brocken der Unterhaltung. Rote Zora und Zauberfl\u00f6te und Figaro konnte ich aufschnappen, sowie Oper Berlin, Staatsoper Hannover. Beim Kellner sagten beide, Hannover sei das Reiseziel. Also musste ich mich mit meiner Schnellskizze und dem Autogramm beeilen.<br \/>\n<strong>Thomas Scheler<\/strong> ist S\u00e4nger und Schauspieler. Meine kleine Zeichnung hat ihn erfreut und er hat gern sein Autogramm darunter gesetzt. \u00dcber den Tenor und Schauspieler<strong> Thomas Scheler<\/strong> gibt es recht viel auf Web-Seiten zu entdecken: Schlossfestspiele Schwerin, Berliner Philharmonie, Theater Bremen, Theater Koblenz sind nur einige Stationen die ich hier aufz\u00e4hlen kann.<\/p>\n<p>Der Speisewagen war mal wieder gut besucht, wie immer auf dem Weg nach Berlin, der einzige freie Platz war am Zweiertisch. Ein knappes &#8222;Ja bitte&#8220; als Antwort auf meine Frage zeigte , dass die junge Frau, die schon dort sa\u00df, nicht gest\u00f6rt werden wollte. Sie hatte kleine Kopfh\u00f6rer im Ohr und lauschte konzentriert. <a href=\"https:\/\/www.kunsthof-usedom.de\/wp-content\/uploads\/2010\/02\/Galina-Shesterneva.jpg\"><img loading=\"lazy\" decoding=\"async\" class=\"alignleft size-thumbnail wp-image-855\" title=\"Galina Shesterneva\" src=\"https:\/\/www.kunsthof-usedom.de\/wp-content\/uploads\/2010\/02\/Galina-Shesterneva-150x150.jpg\" alt=\"\" width=\"90\" height=\"90\" \/><\/a>Gelegentlich nippte sie an einer Tasse, war dann aber gleich wieder im H\u00f6ren vertieft. Sie verglich das Geh\u00f6rte wohl offensichtlich mit dem Inhalt eines Blattes auf dem ich Noten erkennen konnte. Ihr Gesicht war wirklich von ihrer Haarpracht eingerahmt. Mit meiner Zeichnung und meiner Bitte um ein Autogramm wagte ich die Arbeitsatmosph\u00e4re zu unterbrechen. <strong>Galina Shesterneva <\/strong>war wohl nicht so zufrieden mit meiner Zeichnung, oder der St\u00f6rung aber mein Wunsch wurde erf\u00fcllt. Sie ist eine erfolgreiche S\u00e4ngerin an mehreren Opernh\u00e4usern in Europa und besonders in Deutschland. Einige dieser Stationen sind:\u00a0 Preistr\u00e4gerin bei internationalen Gesangswettbewerben, Nationaltheater Mannheim, Staatstheater Braunschweig, Oper Bonn, Oper Graz das Aalto Theater Essen. Dazu geh\u00f6ren Titelpartien in Turandot und Madame\u00a0 Butterfly, in\u00a0 Aida, Tosca und Norma, Namen wie Desdemona (Otello), Santuzza (Cavalleria rusticana), Elisabetta (Don Carlos). Eine Weiterf\u00fchrung der\u00a0 Aufz\u00e4hlung sprengt hier den Rahmen.<\/p>\n<p>Eine sch\u00f6ne Fahrt von Wuppertal nach Hannover, dort wechselte Herr Sodann den Zug Richtung Halle\/Leipzig. Ein sehr unterhaltsamer Gespr\u00e4chspartner, humorvoll und ein Mensch, der zu den aktuellen Dingen sehr viel sagen kann. <a href=\"https:\/\/www.kunsthof-usedom.de\/wp-content\/uploads\/2010\/02\/Peter-Sodann-und-Roland-Oesker.jpg\"><img loading=\"lazy\" decoding=\"async\" class=\"alignright size-thumbnail wp-image-524\" title=\"Peter Sodann und Roland Oesker\" src=\"https:\/\/www.kunsthof-usedom.de\/wp-content\/uploads\/2010\/02\/Peter-Sodann-und-Roland-Oesker-150x150.jpg\" alt=\"\" width=\"54\" height=\"54\" \/><\/a>Eine Dame beugte sich zu mir und frage leise: &#8222;Ich kenne diesen Herrn aus dem Fernsehen, wissen sie seinen Namen?&#8220;<strong> Peter Sodann<\/strong> ermunterte sie: &#8222;Fragen sie mich, so dann sage ich meinen Namen!&#8220;<br \/>\nSehr interessant ist sein B\u00fccherprojekt:<a href=\"http:\/\/www.petersodann.de\"> www.Petersodann.de<\/a><\/p>\n<p><strong>Scott Lawton<\/strong> ist ein beeindruckender Musiker. Stationen seines Schaffens: Dirigent des Deutschen Filmorchesters Babelsberg, musikalischer Leiter bei den Gandersheimer Domfestspielen, WDR Runkfunkorchester, Sinfonieorchester Wuppertal, dem Rundfunkorchester Pilsen und dem Brandenburgischen Staatsorchester Frankfurt -Oder. Die <a href=\"https:\/\/www.kunsthof-usedom.de\/wp-content\/uploads\/2010\/02\/Scott-Lawton.jpg\"><img loading=\"lazy\" decoding=\"async\" class=\"size-thumbnail wp-image-525 alignleft\" title=\"Scott Lawton\" src=\"https:\/\/www.kunsthof-usedom.de\/wp-content\/uploads\/2010\/02\/Scott-Lawton-150x150.jpg\" alt=\"\" width=\"54\" height=\"54\" \/><\/a>Aufz\u00e4hlung kann hier nicht fortgef\u00fchrt werden. Aktuell leitet er auch eines der f\u00fchrenden sinfonischen Bl\u00e4serensembles deutschlands. das Landespolizeiorchester NRW. Da wird Strawinsky, Brahms oder Gershwin gespielt.<br \/>\nEr sitzt mir gegen\u00fcber und liest konzentriert in der\u00a0 Zeitungen. Eine schnelle Skizze gibt mir Anlass, in ein Gespr\u00e4ch zu kommen. <a href=\"http:\/\/www.scott-lawton.de\">www. scott-lawton.de<\/a><\/p>\n<p>Herr <strong>Sonwabo Eddie Funde<\/strong> arbeitet w\u00e4hrend der Zugfahrt, er liest in Gesch\u00e4ftspapieren, dabei wechselt er einmal die Brille. Das war nicht einfach beim skizzieren. Er bestellt Berner Sauerbraten und stilles Wasser. Da ergibt sich die Gelegenheit ein Gespr\u00e4ch zu beginnen. Im August 2008 wurde S.E.\u00a0 Herr Sonwabo Eddie Funde <a href=\"https:\/\/www.kunsthof-usedom.de\/wp-content\/uploads\/2010\/02\/S.E.-Funde-Botschafter.jpg\"><img loading=\"lazy\" decoding=\"async\" class=\"alignright size-thumbnail wp-image-534\" title=\"S.E. Funde, Botschafter\" src=\"https:\/\/www.kunsthof-usedom.de\/wp-content\/uploads\/2010\/02\/S.E.-Funde-Botschafter-150x150.jpg\" alt=\"\" width=\"54\" height=\"54\" \/><\/a>von Bundespr\u00e4sident Horst K\u00f6hler als au\u00dferordentlicher und bevollm\u00e4chtigter Botschafter der Republik S\u00fcdafrika in Deutschland akkreditiert.\u00a0 Herr Funde f\u00e4hrt von Berlin nach Bremen, ich habe also nur bis Hannover das Vergn\u00fcgen mit ihm zu reisen.<a href=\"http:\/\/www.suedafrika.org\/botschaft\/botschafter.html\">www.suedafrika.org<\/a><\/p>\n<p><a href=\"https:\/\/www.kunsthof-usedom.de\/wp-content\/uploads\/2010\/02\/Hellmuth-Karasek.jpg\"><img loading=\"lazy\" decoding=\"async\" class=\"alignleft size-thumbnail wp-image-527\" title=\"Hellmuth Karasek\" src=\"https:\/\/www.kunsthof-usedom.de\/wp-content\/uploads\/2010\/02\/Hellmuth-Karasek-150x150.jpg\" alt=\"\" width=\"54\" height=\"54\" \/><\/a><strong>Hellmuth Karasek<\/strong> reist von K\u00f6ln nach Berlin, es ist Weiberfastnacht und draussen ist es sehr kalt und es f\u00e4llt Schnee. Hellmuth Karasek ist nur kurz im Speisewagen um sich etwas zu Trinken zu kaufen. Ich suche ihn an seinem Platz auf um zu zeichnen.<a href=\"http:\/\/Hoffmann und Campe Verlag - Karasek, Hellmuth\"> <\/a><a href=\"http:\/\/www.hoffmann-und-campe.de\/go\/hellmuth-karasek\">Hoffmann und Campe Verlag &#8211; Karasek, Hellmuth <\/a><\/p>\n<p><strong>Wolfgang Nowak<\/strong> ist ein dynamisch wirkender Mann in einer nieders\u00e4chsischen Polizeiuniform. Seine Haltung und <a href=\"https:\/\/www.kunsthof-usedom.de\/wp-content\/uploads\/2010\/02\/Skizze.jpg\"><img loading=\"lazy\" decoding=\"async\" class=\"alignright size-thumbnail wp-image-533\" title=\"Wolfgang Nowak\" src=\"https:\/\/www.kunsthof-usedom.de\/wp-content\/uploads\/2010\/02\/Skizze-150x150.jpg\" alt=\"\" width=\"54\" height=\"54\" \/><\/a>seine freundlichen Gesichtsz\u00fcge erzeugen Vertrauen, ein angenehmer Gespr\u00e4chspartner. Meine Skizze gef\u00e4llt ihm und ich erfahre etwas \u00fcber seinen Alltag.\u00a0 <a href=\"http:\/\/www.schnitter-landhaus.de\/_sgg\/f10000.htm\">Besonders Interessantes erz\u00e4hlt er \u00fcber Entspannung und Erholung im Landhaus in Borntin <\/a><\/p>\n<p><a href=\"https:\/\/www.kunsthof-usedom.de\/wp-content\/uploads\/2010\/02\/Udo-van-Kampen.jpg\"><img loading=\"lazy\" decoding=\"async\" class=\"alignleft size-thumbnail wp-image-536\" title=\"Udo van Kampen\" src=\"https:\/\/www.kunsthof-usedom.de\/wp-content\/uploads\/2010\/02\/Udo-van-Kampen-150x150.jpg\" alt=\"\" width=\"54\" height=\"54\" \/><\/a><strong>Udo van Kampen<\/strong> geh\u00f6rt zu den Menschen mit einer vertrauenserweckenden Stimme, man h\u00f6rt ihm gern zu und er dr\u00fcckt die wirtschaftlichen und politischen Sachverhalte mit \u00dcberzeugungskraft aus. So werden europ\u00e4ische Verflechtungen und Kompliziertheiten irgendwie verstehbar, fast selbstverst\u00e4ndlich. Seine Erscheinung und sein Beruf sind eine Einheit. Er steigt in Bielefeld ein und kommt gleich in den Speisewagen.\u00a0<a href=\"http:\/\/www.auslandsjournal.zdf.de\/ZDFde\/inhalt\/25\/0,1872,2002041,00.html\"> Udo van Kampen ist Leiter des ZDF-Studios in Br\u00fcssel.<\/a><\/p>\n<p><a href=\"https:\/\/www.kunsthof-usedom.de\/wp-content\/uploads\/2010\/02\/EberhardWalde.jpg\"><img loading=\"lazy\" decoding=\"async\" class=\"alignleft size-thumbnail wp-image-594\" title=\"EberhardWalde\" src=\"https:\/\/www.kunsthof-usedom.de\/wp-content\/uploads\/2010\/02\/EberhardWalde-150x150.jpg\" alt=\"\" width=\"54\" height=\"54\" \/><\/a><strong>Eberhard Walde<\/strong> sitzt an einem Tisch am Ende des Speisewagens und liest in einem Buch. als er f\u00fcr einen Moment den Tisch verl\u00e4sst meldet sich sein Mobiltelephon. Es lag auf seinem Tsich neben dem Buch und hatte einen Klingelton wie ein antikes Telephon, helles, metallisches Gel\u00e4ute. Als er zur\u00fcckkam hatte ich eine Gelegenheit ihn anzusprechen durch eine Hinweis auf das Klingeln. Es war wohl eine Nachricht, die ihn erfreute. Ich erfuhr, dass er in Bonn seine Fahrt angetreten hatte und in Hannover umsteigen wollte, um nach Hause in das Wendland zu fahren. Wir sprachen \u00fcber den Bahnhof in Uelzen, der nach Entw\u00fcrfen von Hundertwasser gestaltet und renoviert wurde, also ein Besuch wert ist. Nat\u00fcrlich sprachen wir \u00fcber den Kampf gegen die Atompolitik und \u00fcber die Zukunft. Eberhard Walde war lange Bundesgesch\u00e4ftsf\u00fchrer der Gr\u00fcnen (1982-90) und davor war er im Vorstand des BBU (Bundesverband B\u00fcrgerinitiative Umweltschutz). Ich stellte fest, dass wir einen gemeinsamen Bekannten aus der Zeit haben. Ein Redakteur des &#8220; BBU-Umweltmagazins&#8220; , Michael Schroeren, \u00fcbernahm hier und da mal eine Karrikatur von Roland Oesker f\u00fcr einen Abdruck im Umweltmagazin. Das Redaktionsb\u00fcro war damals 1979\/80 in der Flemmingstrasse in Berlin-Steglitz und ich wohnte auch in dieser Strasse. Eberhard Walde ist Mitglied bei den Gr\u00fcnen, wollte aber die Kriegsbeteiligung der Bundesrepublik nicht unterst\u00fctzen. Er verlegte sein Engagement auf die Hilfe dort wo sie gebraucht wurde und war Mitarbeiter von Hilfsprogrammen in den Kriegsgebieten wie Kosovo und Irak. Auch dort wo er jetzt wohnt und arbeitet, ist sein Leben ein aktives Eintreten gegen die Bedrohung der ewig gestrigen Atomkraftbetreiber. Wenn das Handy l\u00e4utet, gibt es aber auch Nachrichten aus der Familie (zwei T\u00f6chter und einen Sohn), die in fr\u00f6hlich und stolz machen, wie ich an seinem Gesicht erkennen konnte. <a href=\"http:\/\/www.kaufhausdeswendlands.de\/eberhard_walde.html\">Dann gibt es noch das KDW, das Kaufhaus des Wendlands<\/a><\/p>\n","protected":false},"excerpt":{"rendered":"<p>Schon auf dem Bahnsteig war mir sein eleganter breitkrempiger Hut aufgefallen, weil er gut sein markantes Profil verst\u00e4rkte. Dann musste ich mich um die richtige Bahnsteigposition k\u00fcmmern um in dem Gedr\u00e4nge auch rechtzeitig in den Speisewagen zu kommen. Sonst sind alle Pl\u00e4tze weg. Er hatte einen \u00e4lteren Herrn als Gespr\u00e4chspartner und setzten sich an den &hellip; <a href=\"https:\/\/www.kunsthof-usedom.de\/?page_id=554\" class=\"more-link\"><span class=\"screen-reader-text\">Portraits im Speisewagen<\/span> weiterlesen<\/a><\/p>\n","protected":false},"author":2,"featured_media":0,"parent":0,"menu_order":0,"comment_status":"closed","ping_status":"closed","template":"","meta":{"footnotes":""},"class_list":["post-554","page","type-page","status-publish","hentry"],"_links":{"self":[{"href":"https:\/\/www.kunsthof-usedom.de\/index.php?rest_route=\/wp\/v2\/pages\/554","targetHints":{"allow":["GET"]}}],"collection":[{"href":"https:\/\/www.kunsthof-usedom.de\/index.php?rest_route=\/wp\/v2\/pages"}],"about":[{"href":"https:\/\/www.kunsthof-usedom.de\/index.php?rest_route=\/wp\/v2\/types\/page"}],"author":[{"embeddable":true,"href":"https:\/\/www.kunsthof-usedom.de\/index.php?rest_route=\/wp\/v2\/users\/2"}],"replies":[{"embeddable":true,"href":"https:\/\/www.kunsthof-usedom.de\/index.php?rest_route=%2Fwp%2Fv2%2Fcomments&post=554"}],"version-history":[{"count":27,"href":"https:\/\/www.kunsthof-usedom.de\/index.php?rest_route=\/wp\/v2\/pages\/554\/revisions"}],"predecessor-version":[{"id":559,"href":"https:\/\/www.kunsthof-usedom.de\/index.php?rest_route=\/wp\/v2\/pages\/554\/revisions\/559"}],"wp:attachment":[{"href":"https:\/\/www.kunsthof-usedom.de\/index.php?rest_route=%2Fwp%2Fv2%2Fmedia&parent=554"}],"curies":[{"name":"wp","href":"https:\/\/api.w.org\/{rel}","templated":true}]}}