{"id":363,"date":"2009-10-18T20:01:02","date_gmt":"2009-10-18T18:01:02","guid":{"rendered":"http:\/\/www.kunsthof-usedom.de\/?page_id=363"},"modified":"2009-10-26T00:48:10","modified_gmt":"2009-10-25T22:48:10","slug":"was-das-sehen-unbeherrschbar-beeinflusst-lupertz","status":"publish","type":"page","link":"https:\/\/www.kunsthof-usedom.de\/?page_id=363","title":{"rendered":"Fotografie als Kunst und Streitfrage seit 1972?"},"content":{"rendered":"<p>Die Streitfrage um &#8222;Fotografie als Kunst&#8220;, von der K\u00fcnstlergruppe Alltag bis Markus L\u00fcpertz: Roland Oesker, <a href=\"https:\/\/www.kunsthof-usedom.de\/wp-content\/uploads\/2009\/10\/Roland-Oesker-1972.jpg\"><img loading=\"lazy\" decoding=\"async\" class=\"alignleft size-thumbnail wp-image-401\" title=\"Roland Oesker 1972\" src=\"https:\/\/www.kunsthof-usedom.de\/wp-content\/uploads\/2009\/10\/Roland-Oesker-1972-150x150.jpg\" alt=\"Roland Oesker 1972\" width=\"54\" height=\"54\" \/><\/a>K\u00fcnstler und Fotograf verbindet die aktuelle Diskussion mit seiner Lebenswirklichkeit und -geschichte. Was ist bedeutsamer: Womit etwas gemacht wird oder was gemacht wird, wenn es um Kunst geht. Wer ist frei davon, dass &#8222;Fotografie das Sehen unbeherrschbar beeinflusst&#8220; (L\u00fcpertz) und wovon m\u00f6chte oder sollte ein K\u00fcnstler beeinflusst werden? Ist heute eine Kunst ohne Fotografie so spannend wie &#8222;M\u00e4nner ohne Frauen&#8220; ? Gerhard Richter: &#8222;Achtundvierzig Portraits, Installation im Deutschen Pavillion der Bienale in Venedig&#8220; war 1972 ein Wendepunkt, f\u00fcr die Fotografie, f\u00fcr die Malerei oder f\u00fcr die Gr\u00fcndung der K\u00fcnstlergruppe Alltag? Was hat uns unbeherrschbar beeinflusst? Der R\u00fcckblick auf die Geschichte der \u201eK\u00fcnstlergruppe Alltag\u201c kann dabei helfen, die Bedeutung einer Diskussion \u00fcber das Verh\u00e4ltnis Fotografie und Kunst einzusch\u00e4tzen. Hier ein Blick auf ein Plakat f\u00fcr die Ausstellung von Manfred Fischer. <a href=\"https:\/\/www.kunsthof-usedom.de\/wp-content\/uploads\/2009\/10\/Fischer-Berlin.jpg\"><img loading=\"lazy\" decoding=\"async\" class=\"alignright size-thumbnail wp-image-371\" title=\"Fischer Berlin\" src=\"https:\/\/www.kunsthof-usedom.de\/wp-content\/uploads\/2009\/10\/Fischer-Berlin-150x150.jpg\" alt=\"Fischer Berlin\" width=\"54\" height=\"54\" \/><\/a>Ein Einfluss durch die Fotografie der Zeit? In den Interviews von Markus L\u00fcpertz finden sich immer wieder Hinweise auf das Spannungsverh\u00e4ltnis `Fotografie -Kunst`. Man sollte dies nicht verk\u00fcrzen auf eine Abgrenzung gegen\u00fcber den K\u00fcnstlerkollegen Richter, Rauch oder andere, die aus Kunst und Fotografie eine Kunst aus Fotografie machen und Fotografie als Kunst praktizieren. Das neue Verh\u00e4ltnis der Kunstszene, der Kulturlandschaft allgemein und\u00a0 der jungen K\u00fcnstler im besonderen zum Medium Fotografie hat zur Gr\u00fcndung der &#8222;K\u00fcnstlergruppe Alltag&#8220; gef\u00fchrt. Sie haben den Umschwung, die Gestaltung dieses neuen Verh\u00e4ltnisses miterlebt und mitgestaltet. Die Maler und Grafiker, Zeichner, Aktionsk\u00fcnstler und Macher der Prozesskunst wollten mit einem Kunstfotografen, oder fotografierenden K\u00fcnstler eng zusammenarbeiten und den Einfluss der Fotografie f\u00fcr ihre Kunst nutzen. das n\u00e4chste Bildbeispiel zeigt ein Plakat f\u00fcr eine Ausstellung\u00a0<a href=\"https:\/\/www.kunsthof-usedom.de\/wp-content\/uploads\/2009\/10\/Mahl-Berlin.jpg\"><img loading=\"lazy\" decoding=\"async\" class=\"alignright size-thumbnail wp-image-377\" title=\"Mahl Berlin\" src=\"https:\/\/www.kunsthof-usedom.de\/wp-content\/uploads\/2009\/10\/Mahl-Berlin-150x150.jpg\" alt=\"Mahl Berlin\" width=\"54\" height=\"54\" \/><\/a> von Reinhard Mahl. Auch hier ist das besondere Interesse am Bildnis, das beherrscht wird von einer Pr\u00e4sentation im Zeitalter der Fotografie. Bildnisse von Menschen, die wissen, dass sie abgebildet werden. Das war wichtig f\u00fcr die &#8222;K\u00fcnstlergruppe Alltag&#8220;.<\/p>\n","protected":false},"excerpt":{"rendered":"<p>Die Streitfrage um &#8222;Fotografie als Kunst&#8220;, von der K\u00fcnstlergruppe Alltag bis Markus L\u00fcpertz: Roland Oesker, K\u00fcnstler und Fotograf verbindet die aktuelle Diskussion mit seiner Lebenswirklichkeit und -geschichte. Was ist bedeutsamer: Womit etwas gemacht wird oder was gemacht wird, wenn es um Kunst geht. Wer ist frei davon, dass &#8222;Fotografie das Sehen unbeherrschbar beeinflusst&#8220; (L\u00fcpertz) und &hellip; <a href=\"https:\/\/www.kunsthof-usedom.de\/?page_id=363\" class=\"more-link\"><span class=\"screen-reader-text\">Fotografie als Kunst und Streitfrage seit 1972?<\/span> weiterlesen<\/a><\/p>\n","protected":false},"author":2,"featured_media":0,"parent":0,"menu_order":0,"comment_status":"closed","ping_status":"closed","template":"","meta":{"footnotes":""},"class_list":["post-363","page","type-page","status-publish","hentry"],"_links":{"self":[{"href":"https:\/\/www.kunsthof-usedom.de\/index.php?rest_route=\/wp\/v2\/pages\/363","targetHints":{"allow":["GET"]}}],"collection":[{"href":"https:\/\/www.kunsthof-usedom.de\/index.php?rest_route=\/wp\/v2\/pages"}],"about":[{"href":"https:\/\/www.kunsthof-usedom.de\/index.php?rest_route=\/wp\/v2\/types\/page"}],"author":[{"embeddable":true,"href":"https:\/\/www.kunsthof-usedom.de\/index.php?rest_route=\/wp\/v2\/users\/2"}],"replies":[{"embeddable":true,"href":"https:\/\/www.kunsthof-usedom.de\/index.php?rest_route=%2Fwp%2Fv2%2Fcomments&post=363"}],"version-history":[{"count":7,"href":"https:\/\/www.kunsthof-usedom.de\/index.php?rest_route=\/wp\/v2\/pages\/363\/revisions"}],"predecessor-version":[{"id":365,"href":"https:\/\/www.kunsthof-usedom.de\/index.php?rest_route=\/wp\/v2\/pages\/363\/revisions\/365"}],"wp:attachment":[{"href":"https:\/\/www.kunsthof-usedom.de\/index.php?rest_route=%2Fwp%2Fv2%2Fmedia&parent=363"}],"curies":[{"name":"wp","href":"https:\/\/api.w.org\/{rel}","templated":true}]}}