{"id":304,"date":"2009-09-25T22:08:12","date_gmt":"2009-09-25T20:08:12","guid":{"rendered":"http:\/\/www.kunsthof-usedom.de\/?page_id=304"},"modified":"2010-05-30T21:27:09","modified_gmt":"2010-05-30T19:27:09","slug":"gruppe-alltag-eine-kunstlergemeinschaft","status":"publish","type":"page","link":"https:\/\/www.kunsthof-usedom.de\/?page_id=304","title":{"rendered":"K\u00fcnstlergruppe Alltag &#8211; eine K\u00fcnstlergemeinschaft"},"content":{"rendered":"<p>&#8222;K\u00fcnstlergruppe Alltag&#8220; ist ein besonderes Beispiel f\u00fcr die Suche nach der Einheit von Kunst und Leben junger Menschen in den 70iger Jahren. Drei junge K\u00fcnstler entfalteten unter diesem Namen gemeinsame Aktivit\u00e4ten. Es waren Reinhard Mahl, Manfred Fischer und Roland Oesker. Die Gr\u00fcndung dieser &#8222;K\u00fcnstlergruppe Alltag&#8220; fand im Juli 1975 statt. Sie ereignete sich in D\u00e4nemark und der Anlass war eine Ausstellung in Kopenhagen. In den folgenden Jahren organisierte die &#8222;K\u00fcnstlergruppe Alltag&#8220; verschiedene kulturelle Aktionen und gemeinsame Ausstellungen in Berlin, Marburg, Hannover und Braunschweig.<\/p>\n<p><a href=\"https:\/\/www.kunsthof-usedom.de\/wp-content\/uploads\/2009\/09\/Gruppe-Alltag-1.jpg\"><img loading=\"lazy\" decoding=\"async\" class=\"alignnone size-thumbnail wp-image-301\" title=\"Gruppe Alltag 1\" src=\"https:\/\/www.kunsthof-usedom.de\/wp-content\/uploads\/2009\/09\/Gruppe-Alltag-1-150x150.jpg\" alt=\"Gruppe Alltag 1\" width=\"90\" height=\"90\" \/><\/a> <a href=\"https:\/\/www.kunsthof-usedom.de\/wp-content\/uploads\/2009\/09\/Gruppe-Alltag-2.jpg\"><img loading=\"lazy\" decoding=\"async\" class=\"alignnone size-thumbnail wp-image-302\" title=\"Gruppe Alltag 2\" src=\"https:\/\/www.kunsthof-usedom.de\/wp-content\/uploads\/2009\/09\/Gruppe-Alltag-2-150x150.jpg\" alt=\"Gruppe Alltag 2\" width=\"90\" height=\"90\" \/><\/a> <a href=\"https:\/\/www.kunsthof-usedom.de\/wp-content\/uploads\/2009\/09\/Gruppe-Alltag-3.JPG\"><img loading=\"lazy\" decoding=\"async\" class=\"alignnone size-thumbnail wp-image-303\" title=\"Gruppe Alltag 3\" src=\"https:\/\/www.kunsthof-usedom.de\/wp-content\/uploads\/2009\/09\/Gruppe-Alltag-3-150x150.jpg\" alt=\"Gruppe Alltag 3\" width=\"90\" height=\"90\" \/><\/a> <a href=\"https:\/\/www.kunsthof-usedom.de\/wp-content\/uploads\/2009\/09\/K\u00fcnstlergruppe-Alltag-4.jpg\"><img loading=\"lazy\" decoding=\"async\" class=\"alignnone size-thumbnail wp-image-306\" title=\"K\u00fcnstlergruppe Alltag 4\" src=\"https:\/\/www.kunsthof-usedom.de\/wp-content\/uploads\/2009\/09\/K\u00fcnstlergruppe-Alltag-4-150x150.jpg\" alt=\"K\u00fcnstlergruppe Alltag 4\" width=\"90\" height=\"90\" \/><\/a><\/p>\n<p>Das erste Bild zeigt die K\u00fcnstler bei ihrem Besuch in Kopenhagen: rechts Reinhard Mahl, in der Mitte Manfred Fischer , links Roland Oesker, 1975. Das zweite Bild entstand bei einer Kunstaktion mit Kindern auf einem Stadteilfest. Abbildung 3 ist eine Zeitungsmeldung zur Er\u00f6ffnung einer Ausstellung der &#8222;K\u00fcnstlergruppe Alltag&#8220; in Braunschweig. Abbildung 4 ist eine Zeitungsmeldung aus Hannover, die eine Kunstaktion der &#8222;K\u00fcnstlergruppe Alltag&#8220; in Hannover ank\u00fcndigt.<\/p>\n<p><a href=\"https:\/\/www.kunsthof-usedom.de\/wp-content\/uploads\/2009\/09\/K\u00fcnstlergruppe-Alltag-5.jpg\"><img loading=\"lazy\" decoding=\"async\" class=\"size-thumbnail wp-image-310 alignleft\" title=\"K\u00fcnstlergruppe Alltag 5\" src=\"https:\/\/www.kunsthof-usedom.de\/wp-content\/uploads\/2009\/09\/K\u00fcnstlergruppe-Alltag-5-150x150.jpg\" alt=\"K\u00fcnstlergruppe Alltag 5\" width=\"150\" height=\"150\" \/><\/a> Anlass f\u00fcr diese Zeitungsmeldung in Marburg war\u00a0\u00a0\u00a0 eine Austellung der &#8222;K\u00fcnstlergruppe Alltag&#8220; in der Marburger &#8222;Galerie Legge&#8220;. F\u00fcr eine bestimmte Zeit war Marburg eine besondere Station f\u00fcr die K\u00fcnstler Manfred Fischer und Roland Oesker.\u00a0 Die Universit\u00e4t Marburg war f\u00fcr beide K\u00fcnstler der Anlass nach Marburg zu gehen. Die n\u00e4chste Abbildung zeigt ein Din A4 Informationsblatt, gedruckt auf einem <a href=\"https:\/\/www.kunsthof-usedom.de\/wp-content\/uploads\/2009\/09\/K\u00fcnstlergruppe-Alltag-Marbg.jpg\"><img loading=\"lazy\" decoding=\"async\" class=\"alignright size-thumbnail wp-image-336\" title=\"K\u00fcnstlergruppe Alltag Marbg\" src=\"https:\/\/www.kunsthof-usedom.de\/wp-content\/uploads\/2009\/09\/K\u00fcnstlergruppe-Alltag-Marbg-150x150.jpg\" alt=\"K\u00fcnstlergruppe Alltag Marbg\" width=\"65\" height=\"65\" \/><\/a>hell-gr\u00fcnen Karton. Das Blatt wurde in gro\u00dfer Auflage als Flugblatt im Unibereich verteilt und ist eine Einladung zu der Gemeinschaftsausstellung von Manfred Fischer , Roland Oesker und Reinhard Mahl in Marburg.<\/p>\n<p>Aber auch Berlin war f\u00fcr die jungen K\u00fcnstler in dieser Zeit ein Magnet.<a href=\"https:\/\/www.kunsthof-usedom.de\/wp-content\/uploads\/2009\/09\/K\u00fcnstlergruppe-Alltag-6.jpg\"><img loading=\"lazy\" decoding=\"async\" class=\"size-thumbnail wp-image-313 alignright\" title=\"K\u00fcnstlergruppe Alltag 6\" src=\"https:\/\/www.kunsthof-usedom.de\/wp-content\/uploads\/2009\/09\/K\u00fcnstlergruppe-Alltag-6-150x150.jpg\" alt=\"K\u00fcnstlergruppe Alltag 6\" width=\"90\" height=\"90\" \/><\/a> Ihre Ideen von einer Kunst in einem sozialen Kontext der Lebenswirklichkeit konnten sie in Berlin ganz besonders gut entfalten. Das zeigt auch der Artikel \u00fcber die K\u00fcnstlergruppe Alltag in einem berliner Stadtmagazin. In diesem Artikel wird auch von einer Ausstellung des Fotografen Roland Oesker gesprochen. <a href=\"https:\/\/www.kunsthof-usedom.de\/wp-content\/uploads\/2009\/09\/K\u00fcnstlergruppe-Alltag-7.jpg\"><img loading=\"lazy\" decoding=\"async\" class=\"alignleft size-thumbnail wp-image-315\" title=\"K\u00fcnstlergruppe Alltag 7\" src=\"https:\/\/www.kunsthof-usedom.de\/wp-content\/uploads\/2009\/09\/K\u00fcnstlergruppe-Alltag-7-150x150.jpg\" alt=\"K\u00fcnstlergruppe Alltag 7\" width=\"150\" height=\"150\" \/><\/a>Galerien, die Fotografie als Kunst oder &#8222;k\u00fcnstlerische Grafik&#8220; ausstellten, waren zu dieser Zeit auch in Berlin eine Novum.<a href=\"https:\/\/www.kunsthof-usedom.de\/wp-content\/uploads\/2009\/09\/Roland-Oesker-Fotoausstellung.jpg\"><img loading=\"lazy\" decoding=\"async\" class=\"alignright size-thumbnail wp-image-324\" title=\"Roland Oesker Fotoausstellung\" src=\"https:\/\/www.kunsthof-usedom.de\/wp-content\/uploads\/2009\/09\/Roland-Oesker-Fotoausstellung-150x150.jpg\" alt=\"Roland Oesker Fotoausstellung\" width=\"150\" height=\"150\" \/><\/a> Die Galerie &#8222;Trockenpresse&#8220; war daher die erste Galerie \u00fcberhaupt, die es wagte, sich ganz auf die Fotografie als Kunstform zu konzentrieren. Es gab einige Bucherscheinungen die den Boden f\u00fcr diese Entwicklung bereitet haben. Ein Blick auf die Erscheinungsdaten zeigt die Besonderheit diese Wagnisses auf. Otto Stelzer, &#8222;Kunst und Fotografie&#8220; erscheint 1966 und zeigt den Einflu\u00df der Fotografie als eine Dienstbarkeit gegen\u00fcber der Kunst auf.\u00a0 Aber das Buch von Volker Kahmen: &#8222;Fotografie als Kunst&#8220; erscheint 1973. In diesem Buch wird es gewagt, die Eigenst\u00e4ndigkeit der Kunstform Fotografie als Entwicklung zu zeigen. <a href=\"https:\/\/www.kunsthof-usedom.de\/wp-content\/uploads\/2009\/09\/Berlinplakat.jpg\"><img loading=\"lazy\" decoding=\"async\" class=\"alignleft size-thumbnail wp-image-657\" title=\"Berlinplakat\" src=\"https:\/\/www.kunsthof-usedom.de\/wp-content\/uploads\/2009\/09\/Berlinplakat-150x150.jpg\" alt=\"\" width=\"90\" height=\"90\" \/><\/a>Um die neue Haltung zur Fotografie in den 70igern besser zu verstehen ist es aber notwendig auf zwei Schriften hinzuweisen: Zuerst Walter Benjamin, &#8222;Das Kunstwerk im Zeitalter seiner Reproduzierbarkeit&#8220; (1936) und Wolfgang Fritz Haug, &#8222;Kritik der Waren\u00e4sthetik&#8220; (Frankfurt a.M. 1971). Das sind zwei Beispiele, die Einfl\u00fcsse auf die K\u00fcnstler in Berlin haben, die um eine Sichtweise auf die Welt mit sich selbst und mit ihrer Umgebung ringen. Ein Zeitungsartikel in der Berliner Morgenpost vom 7.10. 1975 gibt <a href=\"https:\/\/www.kunsthof-usedom.de\/wp-content\/uploads\/2009\/10\/Berlin-Alltag.JPG\"><img loading=\"lazy\" decoding=\"async\" class=\"alignright size-thumbnail wp-image-331\" title=\"Berlin Alltag\" src=\"https:\/\/www.kunsthof-usedom.de\/wp-content\/uploads\/2009\/10\/Berlin-Alltag-150x150.jpg\" alt=\"Berlin Alltag\" width=\"90\" height=\"90\" \/><\/a>einen Hinweis auf die Ausstellung die Roland Oesker in Berlin veranstaltet und zeigt die Hilflosigkeit der etablierten Seite sich \u00fcber die Form &#8222;Fotografie als Kunst&#8220;\u00a0 zu informieren und sich mit der jungen Kunst zu verst\u00e4ndigen. Auch in einem Zeitungsartikel der jungen Tageszeitung &#8222;Neue Braunschweiger&#8220; kommt in der Bildunterschrift diese Haltung zum Ausdruck. Man hat den Eindruck, dass am Engagement der K\u00fcnstler das Auff\u00e4lligste und Wichtigste das Angebot von preiswerter &#8222;Kunst&#8220; sei. Im folgenden ein Beispiel aus der Tageseitung &#8222;Neue Braunschweiger&#8220; . Hier war nat\u00fcrlich die <a href=\"https:\/\/www.kunsthof-usedom.de\/wp-content\/uploads\/2009\/09\/Neue-Braunschweiger2.jpg\"><img loading=\"lazy\" decoding=\"async\" class=\"alignleft size-thumbnail wp-image-338\" title=\"Neue Braunschweiger2\" src=\"https:\/\/www.kunsthof-usedom.de\/wp-content\/uploads\/2009\/09\/Neue-Braunschweiger2-150x150.jpg\" alt=\"Neue Braunschweiger2\" width=\"90\" height=\"90\" \/><\/a>grossformatige Wiedergabe\u00a0 von zwei Arbeiten der K\u00fcnstler in einer Tageszeitung schon sehr bedeutsam f\u00fcr den Besuch der Ausstellung in Braunschweig.<\/p>\n<p>Das k\u00fcnstlerische Schaffen soll aus den Lebensbedingungen entwickelt werden und die dabei neu gewonnenen Inhalten sollen auf die Lebensbedingungen wirken, das war eine Grundeinstellung der K\u00fcnstlergruppe Alltag. Dazu geh\u00f6rte, Kunst f\u00fcr Menschen und mit den Menschen zu machen, Bildsprache, Sprache und Ausdruck in den Begegnungen des Alltags\u00a0 zu gestalten. Diese Ziele sollten\u00a0 in\u00a0 Gemeinschaft mit den Menschen verfolgt werden, die eine bestimmte\u00a0 Zukunft gestalten wollten. <a href=\"https:\/\/www.kunsthof-usedom.de\/wp-content\/uploads\/2009\/09\/Roland-Oesker-Bildnis-Reinhard-Mahl.jpg\"><img loading=\"lazy\" decoding=\"async\" class=\"alignright size-thumbnail wp-image-653\" title=\"Roland Oesker, Bildnis Reinhard Mahl\" src=\"https:\/\/www.kunsthof-usedom.de\/wp-content\/uploads\/2009\/09\/Roland-Oesker-Bildnis-Reinhard-Mahl-150x150.jpg\" alt=\"\" width=\"90\" height=\"90\" \/><\/a>Das Beispiel aus der Zeitung aus Braunschweig zeigt zwei Bilder, ein spielendes Kind, das an einem Baumast turnt und eine Fotoarbeit von Roland Oesker mit einer Kuh auf einer Wiese, aus der sich schemenhaft ein Gasmaskenwesen erhebt. Beim Betrachter entsteht aus beiden Bildern ein Drittes. Dieses Zusammenspiel der Bilder und die damit betroffenen Inhalte haben die K\u00fcnstler zusammengef\u00fchrt. Hier muss man die Situation der Zeit betrachten: Friedensbewegung, eine &#8222;Gr\u00fcne-&#8220; und &#8222;Anti-Atomkraft-&#8220;\u00a0 Bewegung, waren noch in den Aufschwung und hatten ihren H\u00f6hepunkt in der\u00a0 au\u00dferparlamentarischen Politik. Zukunft zu gestalten war verbunden mit der grunds\u00e4tzlichen Idee: Bestimmung eines Gesellschaftsbildes durch Kunst als Leben, weil es zum bestehenden System eine alternative konkrete Utopie gibt. Diese Idee sollte den Menschen im Alltag erfahrbar werden, wenn er &#8222;die Bildung der Zukunft&#8220; im doppelten Sinn des Wortes praktiziert. Daher war das Thema &#8222;Kinderbild&#8220; eine wichtige Sache f\u00fcr die K\u00fcnstlergruppe Alltag. Das zeigte sich besonders in der k\u00fcnstlerisch-fotografischen Arbeit der Kinderbilder von Roland Oesker.<\/p>\n<p><a href=\"https:\/\/www.kunsthof-usedom.de\/wp-content\/uploads\/2009\/09\/Roland-Oesker-M\u00e4dchen-in-Berlin.jpg\"><img loading=\"lazy\" decoding=\"async\" class=\"size-thumbnail wp-image-340 alignnone\" title=\"Roland Oesker M\u00e4dchen in Berlin\" src=\"https:\/\/www.kunsthof-usedom.de\/wp-content\/uploads\/2009\/09\/Roland-Oesker-M\u00e4dchen-in-Berlin-150x150.jpg\" alt=\"Roland Oesker M\u00e4dchen in Berlin\" width=\"54\" height=\"54\" \/> <\/a><a href=\"https:\/\/www.kunsthof-usedom.de\/wp-content\/uploads\/2009\/09\/Roland-Oesker-Junge-mit-Ball.jpg\"><img loading=\"lazy\" decoding=\"async\" class=\"size-thumbnail wp-image-342 alignnone\" title=\"Roland Oesker Junge mit Ball\" src=\"https:\/\/www.kunsthof-usedom.de\/wp-content\/uploads\/2009\/09\/Roland-Oesker-Junge-mit-Ball-150x150.jpg\" alt=\"Roland Oesker Junge mit Ball\" width=\"54\" height=\"54\" \/> <\/a><a href=\"https:\/\/www.kunsthof-usedom.de\/wp-content\/uploads\/2009\/09\/Roland-Oesker-Kinder-spielen.jpg\"><img loading=\"lazy\" decoding=\"async\" class=\"size-thumbnail wp-image-343 alignnone\" title=\"Roland Oesker Kinder spielen\" src=\"https:\/\/www.kunsthof-usedom.de\/wp-content\/uploads\/2009\/09\/Roland-Oesker-Kinder-spielen-150x150.jpg\" alt=\"Roland Oesker Kinder spielen\" width=\"54\" height=\"54\" \/> <\/a><a href=\"https:\/\/www.kunsthof-usedom.de\/wp-content\/uploads\/2009\/09\/Roland-Oesker-Spiel-auf-Reifen.jpg\"><img loading=\"lazy\" decoding=\"async\" class=\"alignnone size-thumbnail wp-image-346\" title=\"Roland Oesker Spiel auf Reifen\" src=\"https:\/\/www.kunsthof-usedom.de\/wp-content\/uploads\/2009\/09\/Roland-Oesker-Spiel-auf-Reifen-150x150.jpg\" alt=\"Roland Oesker Spiel auf Reifen\" width=\"54\" height=\"54\" \/><\/a> <a href=\"https:\/\/www.kunsthof-usedom.de\/wp-content\/uploads\/2009\/09\/Roland-Oesker-Junge-mit-Auto.jpg\"><img loading=\"lazy\" decoding=\"async\" class=\"alignnone size-thumbnail wp-image-347\" title=\"Roland Oesker Junge mit Auto\" src=\"https:\/\/www.kunsthof-usedom.de\/wp-content\/uploads\/2009\/09\/Roland-Oesker-Junge-mit-Auto-150x150.jpg\" alt=\"Roland Oesker Junge mit Auto\" width=\"59\" height=\"59\" \/><\/a> <a href=\"https:\/\/www.kunsthof-usedom.de\/wp-content\/uploads\/2009\/09\/Roland-Oesker-Kinder-mit-Stangen.jpg\"><img loading=\"lazy\" decoding=\"async\" class=\"alignnone size-thumbnail wp-image-348\" title=\"Roland Oesker Kinder mit Stangen\" src=\"https:\/\/www.kunsthof-usedom.de\/wp-content\/uploads\/2009\/09\/Roland-Oesker-Kinder-mit-Stangen-150x150.jpg\" alt=\"Roland Oesker Kinder mit Stangen\" width=\"59\" height=\"59\" \/><\/a> <a href=\"https:\/\/www.kunsthof-usedom.de\/wp-content\/uploads\/2009\/09\/Roland-Oesker-Junge-am-Fenster.jpg\"><img loading=\"lazy\" decoding=\"async\" class=\"alignnone size-thumbnail wp-image-349\" title=\"Roland Oesker Junge am Fenster\" src=\"https:\/\/www.kunsthof-usedom.de\/wp-content\/uploads\/2009\/09\/Roland-Oesker-Junge-am-Fenster-150x150.jpg\" alt=\"Roland Oesker Junge am Fenster\" width=\"54\" height=\"54\" \/><\/a> <a href=\"https:\/\/www.kunsthof-usedom.de\/wp-content\/uploads\/2009\/09\/Roland-Oesker-Kinder-und-Baum.jpg\"><img loading=\"lazy\" decoding=\"async\" class=\"alignnone size-thumbnail wp-image-350\" title=\"Roland Oesker Kinder und Baum\" src=\"https:\/\/www.kunsthof-usedom.de\/wp-content\/uploads\/2009\/09\/Roland-Oesker-Kinder-und-Baum-150x150.jpg\" alt=\"Roland Oesker Kinder und Baum\" width=\"54\" height=\"54\" \/><\/a> <a href=\"https:\/\/www.kunsthof-usedom.de\/wp-content\/uploads\/2009\/09\/Roland-Oesker-Drei-am-Fischteich.jpg\"><img loading=\"lazy\" decoding=\"async\" class=\"alignnone size-thumbnail wp-image-359\" title=\"Roland Oesker Drei am Fischteich\" src=\"https:\/\/www.kunsthof-usedom.de\/wp-content\/uploads\/2009\/09\/Roland-Oesker-Drei-am-Fischteich-150x150.jpg\" alt=\"Roland Oesker Drei am Fischteich\" width=\"54\" height=\"54\" \/><\/a> <a href=\"https:\/\/www.kunsthof-usedom.de\/wp-content\/uploads\/2009\/09\/Roland-Oesker-Kinder-mit-Spielzeug.jpg\"><img loading=\"lazy\" decoding=\"async\" class=\"alignnone size-thumbnail wp-image-360\" title=\"Roland Oesker Kinder mit Spielzeug\" src=\"https:\/\/www.kunsthof-usedom.de\/wp-content\/uploads\/2009\/09\/Roland-Oesker-Kinder-mit-Spielzeug-150x150.jpg\" alt=\"Roland Oesker Kinder mit Spielzeug\" width=\"54\" height=\"54\" \/><\/a> <a href=\"https:\/\/www.kunsthof-usedom.de\/wp-content\/uploads\/2009\/09\/Roland-Oesker-Kinder-und-Autowrack.jpg\"><img loading=\"lazy\" decoding=\"async\" class=\"alignnone size-thumbnail wp-image-361\" title=\"Roland Oesker Kinder und Autowrack\" src=\"https:\/\/www.kunsthof-usedom.de\/wp-content\/uploads\/2009\/09\/Roland-Oesker-Kinder-und-Autowrack-150x150.jpg\" alt=\"Roland Oesker Kinder und Autowrack\" width=\"54\" height=\"54\" \/><\/a> <a href=\"https:\/\/www.kunsthof-usedom.de\/wp-content\/uploads\/2009\/09\/Junge-mit-Uhrenkette.jpg\"><img loading=\"lazy\" decoding=\"async\" class=\"alignright size-thumbnail wp-image-655\" title=\"Junge mit Uhrenkette\" src=\"https:\/\/www.kunsthof-usedom.de\/wp-content\/uploads\/2009\/09\/Junge-mit-Uhrenkette-150x150.jpg\" alt=\"\" width=\"54\" height=\"54\" \/><\/a><\/p>\n","protected":false},"excerpt":{"rendered":"<p>&#8222;K\u00fcnstlergruppe Alltag&#8220; ist ein besonderes Beispiel f\u00fcr die Suche nach der Einheit von Kunst und Leben junger Menschen in den 70iger Jahren. Drei junge K\u00fcnstler entfalteten unter diesem Namen gemeinsame Aktivit\u00e4ten. Es waren Reinhard Mahl, Manfred Fischer und Roland Oesker. Die Gr\u00fcndung dieser &#8222;K\u00fcnstlergruppe Alltag&#8220; fand im Juli 1975 statt. Sie ereignete sich in D\u00e4nemark &hellip; <a href=\"https:\/\/www.kunsthof-usedom.de\/?page_id=304\" class=\"more-link\"><span class=\"screen-reader-text\">K\u00fcnstlergruppe Alltag &#8211; eine K\u00fcnstlergemeinschaft<\/span> weiterlesen<\/a><\/p>\n","protected":false},"author":2,"featured_media":0,"parent":0,"menu_order":1,"comment_status":"closed","ping_status":"closed","template":"","meta":{"footnotes":""},"class_list":["post-304","page","type-page","status-publish","hentry"],"_links":{"self":[{"href":"https:\/\/www.kunsthof-usedom.de\/index.php?rest_route=\/wp\/v2\/pages\/304","targetHints":{"allow":["GET"]}}],"collection":[{"href":"https:\/\/www.kunsthof-usedom.de\/index.php?rest_route=\/wp\/v2\/pages"}],"about":[{"href":"https:\/\/www.kunsthof-usedom.de\/index.php?rest_route=\/wp\/v2\/types\/page"}],"author":[{"embeddable":true,"href":"https:\/\/www.kunsthof-usedom.de\/index.php?rest_route=\/wp\/v2\/users\/2"}],"replies":[{"embeddable":true,"href":"https:\/\/www.kunsthof-usedom.de\/index.php?rest_route=%2Fwp%2Fv2%2Fcomments&post=304"}],"version-history":[{"count":23,"href":"https:\/\/www.kunsthof-usedom.de\/index.php?rest_route=\/wp\/v2\/pages\/304\/revisions"}],"predecessor-version":[{"id":658,"href":"https:\/\/www.kunsthof-usedom.de\/index.php?rest_route=\/wp\/v2\/pages\/304\/revisions\/658"}],"wp:attachment":[{"href":"https:\/\/www.kunsthof-usedom.de\/index.php?rest_route=%2Fwp%2Fv2%2Fmedia&parent=304"}],"curies":[{"name":"wp","href":"https:\/\/api.w.org\/{rel}","templated":true}]}}