{"id":146,"date":"2009-05-31T13:10:01","date_gmt":"2009-05-31T11:10:01","guid":{"rendered":"http:\/\/www.kunsthof-usedom.de\/?page_id=146"},"modified":"2010-07-16T14:46:01","modified_gmt":"2010-07-16T12:46:01","slug":"metallvogel-aus-der-akademie-remscheid","status":"publish","type":"page","link":"https:\/\/www.kunsthof-usedom.de\/?page_id=146","title":{"rendered":"Metallv\u00f6gel aus der Akademie Remscheid"},"content":{"rendered":"<p>Dieses Foto zeigt ein Beispiel in dem sowohl Eisen als auch Buntmetalle wie Messing und Kupfer verarbeitet wurden<img loading=\"lazy\" decoding=\"async\" class=\"size-thumbnail wp-image-147 aligncenter\" title=\"kursbeispiel\" src=\"https:\/\/www.kunsthof-usedom.de\/wp-content\/uploads\/2009\/05\/kursbeispiel-150x150.jpg\" alt=\"kursbeispiel\" width=\"73\" height=\"73\" \/>Schwei\u00dfen und Schmieden geh\u00f6ren genauso zu den Ausbildungsinhalten wie das Nieten und das L\u00f6ten verschiedener Metalle.<a href=\"https:\/\/www.kunsthof-usedom.de\/wp-content\/uploads\/2009\/05\/kursbeispiel2.jpg\"><img loading=\"lazy\" decoding=\"async\" class=\"alignnone size-thumbnail wp-image-148\" title=\"kursbeispiel2\" src=\"https:\/\/www.kunsthof-usedom.de\/wp-content\/uploads\/2009\/05\/kursbeispiel2-150x150.jpg\" alt=\"kursbeispiel2\" width=\"65\" height=\"65\" \/><\/a><a href=\"https:\/\/www.kunsthof-usedom.de\/wp-content\/uploads\/2009\/05\/kursbeispiel3.jpg\"><img loading=\"lazy\" decoding=\"async\" class=\"alignnone size-thumbnail wp-image-151\" title=\"kursbeispiel3\" src=\"https:\/\/www.kunsthof-usedom.de\/wp-content\/uploads\/2009\/05\/kursbeispiel3-150x150.jpg\" alt=\"kursbeispiel3\" width=\"72\" height=\"72\" \/> <\/a><a href=\"https:\/\/www.kunsthof-usedom.de\/wp-content\/uploads\/2009\/05\/kursbeispiel4.jpg\"><img loading=\"lazy\" decoding=\"async\" class=\"alignnone size-thumbnail wp-image-152\" title=\"kursbeispiel4\" src=\"https:\/\/www.kunsthof-usedom.de\/wp-content\/uploads\/2009\/05\/kursbeispiel4-150x150.jpg\" alt=\"kursbeispiel4\" width=\"72\" height=\"72\" \/> <\/a><a href=\"https:\/\/www.kunsthof-usedom.de\/wp-content\/uploads\/2009\/05\/kursbeispiel6.jpg\"><img loading=\"lazy\" decoding=\"async\" class=\"alignnone size-thumbnail wp-image-153\" title=\"kursbeispiel6\" src=\"https:\/\/www.kunsthof-usedom.de\/wp-content\/uploads\/2009\/05\/kursbeispiel6-150x150.jpg\" alt=\"kursbeispiel6\" width=\"72\" height=\"72\" srcset=\"https:\/\/www.kunsthof-usedom.de\/wp-content\/uploads\/2009\/05\/kursbeispiel6-150x150.jpg 150w, https:\/\/www.kunsthof-usedom.de\/wp-content\/uploads\/2009\/05\/kursbeispiel6-298x300.jpg 298w, https:\/\/www.kunsthof-usedom.de\/wp-content\/uploads\/2009\/05\/kursbeispiel6.jpg 398w\" sizes=\"auto, (max-width: 72px) 100vw, 72px\" \/> <\/a><a href=\"https:\/\/www.kunsthof-usedom.de\/wp-content\/uploads\/2009\/05\/kursbeispiel5.jpg\"><img loading=\"lazy\" decoding=\"async\" class=\"alignnone size-thumbnail wp-image-154\" title=\"kursbeispiel5\" src=\"https:\/\/www.kunsthof-usedom.de\/wp-content\/uploads\/2009\/05\/kursbeispiel5-150x150.jpg\" alt=\"kursbeispiel5\" width=\"72\" height=\"72\" \/><\/a> Der n\u00e4chste Kurs an der Akademie Remscheid zum Thema: &#8222;Kunst aus der Metallwerkstatt&#8220; findet am 16.5. bis zum 20. 5. 2011 statt. Dann gibt es\u00a0 einen <a href=\"https:\/\/www.kunsthof-usedom.de\/wp-content\/uploads\/2009\/05\/Eisenvogel-1-aus-der-Akademie-Remscheid.jpg\"><img loading=\"lazy\" decoding=\"async\" class=\"alignleft size-thumbnail wp-image-662\" title=\"Eisenvogel 1 aus der Akademie Remscheid\" src=\"https:\/\/www.kunsthof-usedom.de\/wp-content\/uploads\/2009\/05\/Eisenvogel-1-aus-der-Akademie-Remscheid-150x150.jpg\" alt=\"\" width=\"54\" height=\"54\" \/><\/a>Kurs in der Metallwerkstatt. Dann kann man traditionell Schmieden und mit den modernsten Verfahren Schwei\u00dfen in der Akademie Remscheid.<\/p>\n<p><a href=\"https:\/\/www.kunsthof-usedom.de\/wp-content\/uploads\/2009\/05\/Eisenvogel-3-aus-der-Akademie-Remscheid.jpg\"><img loading=\"lazy\" decoding=\"async\" class=\"alignleft size-thumbnail wp-image-664\" title=\"Eisenvogel 3 aus der Akademie Remscheid\" src=\"https:\/\/www.kunsthof-usedom.de\/wp-content\/uploads\/2009\/05\/Eisenvogel-3-aus-der-Akademie-Remscheid-150x150.jpg\" alt=\"\" width=\"54\" height=\"54\" srcset=\"https:\/\/www.kunsthof-usedom.de\/wp-content\/uploads\/2009\/05\/Eisenvogel-3-aus-der-Akademie-Remscheid-150x150.jpg 150w, https:\/\/www.kunsthof-usedom.de\/wp-content\/uploads\/2009\/05\/Eisenvogel-3-aus-der-Akademie-Remscheid-300x296.jpg 300w, https:\/\/www.kunsthof-usedom.de\/wp-content\/uploads\/2009\/05\/Eisenvogel-3-aus-der-Akademie-Remscheid.jpg 500w\" sizes=\"auto, (max-width: 54px) 100vw, 54px\" \/><\/a><\/p>\n<p>Hier noch einige Bilder von den Metallv\u00f6geln die in einem solchen Kurs entstehen k\u00f6nnen.<a href=\"https:\/\/www.kunsthof-usedom.de\/wp-content\/uploads\/2009\/05\/Eisenvogel-4-aus-der-Akademie-Remscheid.jpg\"><img loading=\"lazy\" decoding=\"async\" class=\"alignright size-thumbnail wp-image-665\" title=\"Eisenvogel 4 aus der Akademie Remscheid\" src=\"https:\/\/www.kunsthof-usedom.de\/wp-content\/uploads\/2009\/05\/Eisenvogel-4-aus-der-Akademie-Remscheid-150x150.jpg\" alt=\"\" width=\"54\" height=\"54\" \/><\/a><\/p>\n<p>Das k\u00fcnstlerische Werk des <a href=\"www.kunsthof-usedom.de\/?m=200905\">Bildhauers Roland Oesker<\/a> setzt sich speziell in der Arbeit mit Eisen und Stahl mit dem Thema &#8222;Eisenvogel&#8220; auseinander. Daher ergeben sich<a href=\"https:\/\/www.kunsthof-usedom.de\/wp-content\/uploads\/2009\/05\/Eisenvogel-8-aus-der-Akademie-Remscheid.jpg\"><img loading=\"lazy\" decoding=\"async\" class=\"alignleft size-thumbnail wp-image-675\" title=\"Eisenvogel 8 aus der Akademie Remscheid\" src=\"https:\/\/www.kunsthof-usedom.de\/wp-content\/uploads\/2009\/05\/Eisenvogel-8-aus-der-Akademie-Remscheid-150x150.jpg\" alt=\"\" width=\"54\" height=\"54\" \/><\/a> Anregungen und Anleitungen in dieser Richtung. Aus dem \u00e4sthetischen Reiz des Urvogels, aus der direkten Verwandtschaft mit den fliegenden Vertretern der Dinosaurier entstehen die Stahlgebilde. <a href=\"https:\/\/www.kunsthof-usedom.de\/wp-content\/uploads\/2009\/05\/Eisenvogel-5-aus-der-Akademie-Remscheid.jpg\"><img loading=\"lazy\" decoding=\"async\" class=\"alignleft size-thumbnail wp-image-667\" title=\"Eisenvogel 5 aus der Akademie Remscheid\" src=\"https:\/\/www.kunsthof-usedom.de\/wp-content\/uploads\/2009\/05\/Eisenvogel-5-aus-der-Akademie-Remscheid-150x150.jpg\" alt=\"\" width=\"54\" height=\"54\" \/><\/a>Die humorvolle Seite des Themas &#8222;Vogelfigur&#8220; wird ganz besondders gew\u00fcrdigt. So steht der Vogel f\u00fcr Eigenart und Klugheit, aber auch f\u00fcr Schrulligkeit und Frechheit und Mut.\u00a0 Das Verformen und Schmieden, Schwei\u00dfen und Nieten von eisernen Fundst\u00fccken\u00a0 entspricht diesen Vogelfiguren. So entstehen groteske Gestalten mit Witz und Ironie. Aber auch Motive der menschlichen<a href=\"https:\/\/www.kunsthof-usedom.de\/wp-content\/uploads\/2009\/05\/Eisenvogel-7-aus-der-Akademie-Remscheid.jpg\"><img loading=\"lazy\" decoding=\"async\" class=\"alignright size-thumbnail wp-image-673\" title=\"Eisenvogel 7 aus der Akademie Remscheid\" src=\"https:\/\/www.kunsthof-usedom.de\/wp-content\/uploads\/2009\/05\/Eisenvogel-7-aus-der-Akademie-Remscheid-150x150.jpg\" alt=\"\" width=\"54\" height=\"54\" \/><\/a> Figur in der ganzen Breite, die mit Schwei\u00dfen und Schmieden und <a href=\"https:\/\/www.kunsthof-usedom.de\/wp-content\/uploads\/2009\/05\/Eisenvogel-6-aus-der-Akademie-Remscheid.jpg\"><img loading=\"lazy\" decoding=\"async\" class=\"alignright size-thumbnail wp-image-668\" title=\"Eisenvogel 6 aus der Akademie Remscheid\" src=\"https:\/\/www.kunsthof-usedom.de\/wp-content\/uploads\/2009\/05\/Eisenvogel-6-aus-der-Akademie-Remscheid-150x150.jpg\" alt=\"\" width=\"54\" height=\"54\" \/><\/a>des Verformens mit Eisen und Stahl m\u00f6glich sind geh\u00f6ren zum Inhalt Kurses.<\/p>\n","protected":false},"excerpt":{"rendered":"<p>Dieses Foto zeigt ein Beispiel in dem sowohl Eisen als auch Buntmetalle wie Messing und Kupfer verarbeitet wurdenSchwei\u00dfen und Schmieden geh\u00f6ren genauso zu den Ausbildungsinhalten wie das Nieten und das L\u00f6ten verschiedener Metalle. Der n\u00e4chste Kurs an der Akademie Remscheid zum Thema: &#8222;Kunst aus der Metallwerkstatt&#8220; findet am 16.5. bis zum 20. 5. 2011 statt. &hellip; <a href=\"https:\/\/www.kunsthof-usedom.de\/?page_id=146\" class=\"more-link\"><span class=\"screen-reader-text\">Metallv\u00f6gel aus der Akademie Remscheid<\/span> weiterlesen<\/a><\/p>\n","protected":false},"author":2,"featured_media":0,"parent":0,"menu_order":0,"comment_status":"closed","ping_status":"closed","template":"","meta":{"footnotes":""},"class_list":["post-146","page","type-page","status-publish","hentry"],"_links":{"self":[{"href":"https:\/\/www.kunsthof-usedom.de\/index.php?rest_route=\/wp\/v2\/pages\/146","targetHints":{"allow":["GET"]}}],"collection":[{"href":"https:\/\/www.kunsthof-usedom.de\/index.php?rest_route=\/wp\/v2\/pages"}],"about":[{"href":"https:\/\/www.kunsthof-usedom.de\/index.php?rest_route=\/wp\/v2\/types\/page"}],"author":[{"embeddable":true,"href":"https:\/\/www.kunsthof-usedom.de\/index.php?rest_route=\/wp\/v2\/users\/2"}],"replies":[{"embeddable":true,"href":"https:\/\/www.kunsthof-usedom.de\/index.php?rest_route=%2Fwp%2Fv2%2Fcomments&post=146"}],"version-history":[{"count":15,"href":"https:\/\/www.kunsthof-usedom.de\/index.php?rest_route=\/wp\/v2\/pages\/146\/revisions"}],"predecessor-version":[{"id":659,"href":"https:\/\/www.kunsthof-usedom.de\/index.php?rest_route=\/wp\/v2\/pages\/146\/revisions\/659"}],"wp:attachment":[{"href":"https:\/\/www.kunsthof-usedom.de\/index.php?rest_route=%2Fwp%2Fv2%2Fmedia&parent=146"}],"curies":[{"name":"wp","href":"https:\/\/api.w.org\/{rel}","templated":true}]}}